{"id":2230,"date":"2024-12-29T15:35:35","date_gmt":"2024-12-29T15:35:35","guid":{"rendered":"https:\/\/walon.eu\/?page_id=2230"},"modified":"2024-12-29T15:35:35","modified_gmt":"2024-12-29T15:35:35","slug":"returns-or-exchanges","status":"publish","type":"page","link":"https:\/\/walon.eu\/es\/returns-or-exchanges\/","title":{"rendered":"Returns or exchanges"},"content":{"rendered":"<p><\/p>\n\n\n\n<p>Following conditions:<\/p>\n\n\n\n<p>&#8211; You have 14 business days since receiving your order to return the item to us.&nbsp;<\/p>\n\n\n\n<p>WALON Ib\u00e9rica S.L.&nbsp;<\/p>\n\n\n\n<p>Avenida de San Ant\u00f3n 29<\/p>\n\n\n\n<p>29018 M\u00e1laga (Spain)<\/p>\n\n\n\n<p>-The Items must be in the same condition they were sent.<\/p>\n\n\n\n<p>&nbsp;Must be unworn, unwashed, or otherwise unused with all original tags\/labels attached.<\/p>\n\n\n\n<p>&#8211; Once we\u00b4ve received the package we will proceed to refund the order to the same account chosen for the order payment or you can also change the \u00edtem in other size or other Products.<\/p>\n\n\n\n<p>&#8211; You are responsible for any costs associated with returning the item to us including any currency conversion and\/or local or international taxes. When the return is due to an error on our part, or a manufacturing defect, we will take care of the shipping.<\/p>\n\n\n\n<p><strong>*International returns<\/strong>&nbsp;<\/p>\n\n\n\n<p>&nbsp;All returned items should be declared as a &#8220;Return of&nbsp;EU&nbsp;Merchandise&#8221; on the customs declaration; without this the return may not be successful or may incur additional fees.<\/p>","protected":false},"excerpt":{"rendered":"<p>Following conditions: &#8211; You have 14 business days since receiving your order to return the item to us.&nbsp; WALON Ib\u00e9rica S.L.&nbsp; Avenida de San Ant\u00f3n 29 29018 M\u00e1laga (Spain) -The Items must be in the same condition they were sent. &nbsp;Must be unworn, unwashed, or otherwise unused with all original tags\/labels attached. &#8211; Once we\u00b4ve [&hellip;]<\/p>","protected":false},"author":3,"featured_media":0,"parent":0,"menu_order":0,"comment_status":"closed","ping_status":"closed","template":"","meta":{"_joinchat":[],"footnotes":""},"class_list":["post-2230","page","type-page","status-publish","hentry"],"_links":{"self":[{"href":"https:\/\/walon.eu\/es\/wp-json\/wp\/v2\/pages\/2230","targetHints":{"allow":["GET"]}}],"collection":[{"href":"https:\/\/walon.eu\/es\/wp-json\/wp\/v2\/pages"}],"about":[{"href":"https:\/\/walon.eu\/es\/wp-json\/wp\/v2\/types\/page"}],"author":[{"embeddable":true,"href":"https:\/\/walon.eu\/es\/wp-json\/wp\/v2\/users\/3"}],"replies":[{"embeddable":true,"href":"https:\/\/walon.eu\/es\/wp-json\/wp\/v2\/comments?post=2230"}],"version-history":[{"count":0,"href":"https:\/\/walon.eu\/es\/wp-json\/wp\/v2\/pages\/2230\/revisions"}],"wp:attachment":[{"href":"https:\/\/walon.eu\/es\/wp-json\/wp\/v2\/media?parent=2230"}],"curies":[{"name":"wp","href":"https:\/\/api.w.org\/{rel}","templated":true}]}}